{"id":115,"date":"2025-08-06T18:06:57","date_gmt":"2025-08-06T16:06:57","guid":{"rendered":"http:\/\/152.53.85.102\/?post_type=product&#038;p=115"},"modified":"2025-08-06T18:06:57","modified_gmt":"2025-08-06T16:06:57","slug":"blau","status":"publish","type":"product","link":"https:\/\/krawallonkel.net\/index.php\/produkt\/blau\/","title":{"rendered":"Blau"},"content":{"rendered":"<ol>\n<li data-start=\"460\" data-end=\"513\">\n<p data-start=\"463\" data-end=\"513\">Alice Weidel \u2013 meine Kanzlerin, wir brauchen Sie<\/p>\n<\/li>\n<li data-start=\"514\" data-end=\"553\">\n<p data-start=\"517\" data-end=\"553\">BRD = Bananen Republik Deutschland<\/p>\n<\/li>\n<li data-start=\"554\" data-end=\"583\">\n<p data-start=\"557\" data-end=\"583\">Das bisschen hab und gut<\/p>\n<\/li>\n<li data-start=\"584\" data-end=\"615\">\n<p data-start=\"587\" data-end=\"615\">Deutschland, du armes Land<\/p>\n<\/li>\n<li data-start=\"616\" data-end=\"648\">\n<p data-start=\"619\" data-end=\"648\">Die Farben des Kaiserreichs<\/p>\n<\/li>\n<li data-start=\"649\" data-end=\"683\">\n<p data-start=\"652\" data-end=\"683\">Einfach mal die Fresse halten<\/p>\n<\/li>\n<li data-start=\"684\" data-end=\"730\">\n<p data-start=\"687\" data-end=\"730\">Es reicht \u2013 das darf so nicht weitergehen<\/p>\n<\/li>\n<li data-start=\"731\" data-end=\"749\">\n<p data-start=\"734\" data-end=\"749\">Frau Handrick<\/p>\n<\/li>\n<li data-start=\"750\" data-end=\"762\">\n<p data-start=\"753\" data-end=\"762\">Freitag<\/p>\n<\/li>\n<li data-start=\"763\" data-end=\"803\">\n<p data-start=\"767\" data-end=\"803\">Gr\u00fcnen-Spitze k\u00fcndigt R\u00fccktritt an<\/p>\n<\/li>\n<li data-start=\"804\" data-end=\"827\">\n<p data-start=\"808\" data-end=\"827\">Hab da noch Ideen<\/p>\n<\/li>\n<li data-start=\"828\" data-end=\"860\">\n<p data-start=\"832\" data-end=\"860\">Ich hoffe f\u00fcr meine Kinder<\/p>\n<\/li>\n<li data-start=\"861\" data-end=\"913\">\n<p data-start=\"865\" data-end=\"913\">Ich sag es immer und immer wieder \u2013 w\u00e4hlt blau<\/p>\n<\/li>\n<li data-start=\"914\" data-end=\"934\">\n<p data-start=\"918\" data-end=\"934\">Ich sage danke<\/p>\n<\/li>\n<li data-start=\"935\" data-end=\"974\">\n<p data-start=\"939\" data-end=\"974\">Ich w\u00fcnsche mir diese Zeit wieder<\/p>\n<\/li>\n<li data-start=\"975\" data-end=\"1012\">\n<p data-start=\"979\" data-end=\"1012\">La\u00df dir keine M\u00fche zu viel sein<\/p>\n<\/li>\n<li data-start=\"1013\" data-end=\"1054\">\n<p data-start=\"1017\" data-end=\"1054\">Leute, Leute \u2013 gebt euch einen Ruck<\/p>\n<\/li>\n<li data-start=\"1055\" data-end=\"1085\">\n<p data-start=\"1059\" data-end=\"1085\">Party, Saufen und Ficken<\/p>\n<\/li>\n<li data-start=\"1086\" data-end=\"1116\">\n<p data-start=\"1090\" data-end=\"1116\">Seit schlau \u2013 w\u00e4hlt blau<\/p>\n<\/li>\n<li data-start=\"1117\" data-end=\"1142\">\n<p data-start=\"1121\" data-end=\"1142\">Warum macht ihr das<\/p>\n<\/li>\n<\/ol>\n","protected":false},"excerpt":{"rendered":"<p>Ein kompromissloses Polit-Rock-Album voller direkter Worte und messerscharfer Kritik.<br data-start=\"217\" data-end=\"220\" \/>Hier gibt es keine weichgesp\u00fclten Phrasen \u2013 jeder Song spricht Klartext \u00fcber Politik, Gesellschaft und das,<br data-start=\"327\" data-end=\"330\" \/>was in Deutschland schiefl\u00e4uft. Mal bissig-satirisch, mal w\u00fctend, aber immer mitten ins Herz der Debatte.<\/p>\n","protected":false},"featured_media":116,"comment_status":"open","ping_status":"closed","template":"","meta":[],"product_brand":[],"product_cat":[19],"product_tag":[],"class_list":{"0":"post-115","1":"product","2":"type-product","3":"status-publish","4":"has-post-thumbnail","6":"product_cat-alben","8":"first","9":"instock","10":"downloadable","11":"virtual","12":"purchasable","13":"product-type-simple"},"_links":{"self":[{"href":"https:\/\/krawallonkel.net\/index.php\/wp-json\/wp\/v2\/product\/115","targetHints":{"allow":["GET"]}}],"collection":[{"href":"https:\/\/krawallonkel.net\/index.php\/wp-json\/wp\/v2\/product"}],"about":[{"href":"https:\/\/krawallonkel.net\/index.php\/wp-json\/wp\/v2\/types\/product"}],"replies":[{"embeddable":true,"href":"https:\/\/krawallonkel.net\/index.php\/wp-json\/wp\/v2\/comments?post=115"}],"wp:featuredmedia":[{"embeddable":true,"href":"https:\/\/krawallonkel.net\/index.php\/wp-json\/wp\/v2\/media\/116"}],"wp:attachment":[{"href":"https:\/\/krawallonkel.net\/index.php\/wp-json\/wp\/v2\/media?parent=115"}],"wp:term":[{"taxonomy":"product_brand","embeddable":true,"href":"https:\/\/krawallonkel.net\/index.php\/wp-json\/wp\/v2\/product_brand?post=115"},{"taxonomy":"product_cat","embeddable":true,"href":"https:\/\/krawallonkel.net\/index.php\/wp-json\/wp\/v2\/product_cat?post=115"},{"taxonomy":"product_tag","embeddable":true,"href":"https:\/\/krawallonkel.net\/index.php\/wp-json\/wp\/v2\/product_tag?post=115"}],"curies":[{"name":"wp","href":"https:\/\/api.w.org\/{rel}","templated":true}]}}