{"id":185,"date":"2025-08-07T11:33:52","date_gmt":"2025-08-07T09:33:52","guid":{"rendered":"http:\/\/152.53.85.102\/?post_type=product&#038;p=185"},"modified":"2025-08-07T11:33:52","modified_gmt":"2025-08-07T09:33:52","slug":"ein-geisterzug-aus-der-mythologie-vol-1","status":"publish","type":"product","link":"https:\/\/krawallonkel.net\/index.php\/produkt\/ein-geisterzug-aus-der-mythologie-vol-1\/","title":{"rendered":"ein Geisterzug aus der Mythologie Vol. 1"},"content":{"rendered":"<ol>\n<li data-start=\"602\" data-end=\"622\">\n<p data-start=\"604\" data-end=\"622\">Der Geisterk\u00f6nig<\/p>\n<\/li>\n<li data-start=\"623\" data-end=\"649\">\n<p data-start=\"625\" data-end=\"649\">Die Dualit\u00e4t des Seins<\/p>\n<\/li>\n<li data-start=\"650\" data-end=\"668\">\n<p data-start=\"652\" data-end=\"668\">Die Rauhn\u00e4chte<\/p>\n<\/li>\n<li data-start=\"669\" data-end=\"699\">\n<p data-start=\"671\" data-end=\"699\">Die S\u00fcnde des Nussknackers<\/p>\n<\/li>\n<li data-start=\"700\" data-end=\"717\">\n<p data-start=\"702\" data-end=\"717\">Gr\u00fdla\u2019s Rache<\/p>\n<\/li>\n<li data-start=\"718\" data-end=\"751\">\n<p data-start=\"720\" data-end=\"751\">Helheim \u2013 Das Reich der Toten<\/p>\n<\/li>\n<li data-start=\"752\" data-end=\"778\">\n<p data-start=\"754\" data-end=\"778\">Im Schatten des Waldes<\/p>\n<\/li>\n<li data-start=\"779\" data-end=\"813\">\n<p data-start=\"781\" data-end=\"813\">Krampus \u2013 Die Fratze der Nacht<\/p>\n<\/li>\n<li data-start=\"814\" data-end=\"833\">\n<p data-start=\"816\" data-end=\"833\">Nordlichts Zorn<\/p>\n<\/li>\n<li data-start=\"834\" data-end=\"854\">\n<p data-start=\"836\" data-end=\"854\">Vidars Schweigen<\/p>\n<\/li>\n<li data-start=\"855\" data-end=\"879\">\n<p data-start=\"857\" data-end=\"879\">Wer ist Frau Perchta<\/p>\n<\/li>\n<li data-start=\"880\" data-end=\"895\">\n<p data-start=\"882\" data-end=\"895\">Wer ist Hel<\/p>\n<\/li>\n<li data-start=\"896\" data-end=\"915\">\n<p data-start=\"898\" data-end=\"915\">Wer ist Krampus<\/p>\n<\/li>\n<li data-start=\"916\" data-end=\"931\">\n<p data-start=\"918\" data-end=\"931\">Wotans Ritt<\/p>\n<\/li>\n<li data-start=\"932\" data-end=\"971\">\n<p data-start=\"934\" data-end=\"971\">Oh Perchta! G\u00f6ttin und D\u00e4mon zugleich<\/p>\n<\/li>\n<\/ol>\n","protected":false},"excerpt":{"rendered":"<p>Vergessene Legenden. Dunkle Wintergeister. Alte G\u00f6tter.<br data-start=\"400\" data-end=\"403\" \/>Dieses Konzeptalbum f\u00fchrt dich durch die mythische Welt n\u00f6rdlicher Erz\u00e4hlungen \u2013 zwischen Krampus, Perchta, Helheim und Wotan.<br data-start=\"529\" data-end=\"532\" \/><strong data-start=\"532\" data-end=\"572\">Atmosph\u00e4risch. Erz\u00e4hlerisch. Anders.<\/strong><\/p>\n","protected":false},"featured_media":186,"comment_status":"open","ping_status":"closed","template":"","meta":[],"product_brand":[],"product_cat":[19],"product_tag":[],"class_list":{"0":"post-185","1":"product","2":"type-product","3":"status-publish","4":"has-post-thumbnail","6":"product_cat-alben","8":"first","9":"instock","10":"downloadable","11":"virtual","12":"purchasable","13":"product-type-simple"},"_links":{"self":[{"href":"https:\/\/krawallonkel.net\/index.php\/wp-json\/wp\/v2\/product\/185","targetHints":{"allow":["GET"]}}],"collection":[{"href":"https:\/\/krawallonkel.net\/index.php\/wp-json\/wp\/v2\/product"}],"about":[{"href":"https:\/\/krawallonkel.net\/index.php\/wp-json\/wp\/v2\/types\/product"}],"replies":[{"embeddable":true,"href":"https:\/\/krawallonkel.net\/index.php\/wp-json\/wp\/v2\/comments?post=185"}],"wp:featuredmedia":[{"embeddable":true,"href":"https:\/\/krawallonkel.net\/index.php\/wp-json\/wp\/v2\/media\/186"}],"wp:attachment":[{"href":"https:\/\/krawallonkel.net\/index.php\/wp-json\/wp\/v2\/media?parent=185"}],"wp:term":[{"taxonomy":"product_brand","embeddable":true,"href":"https:\/\/krawallonkel.net\/index.php\/wp-json\/wp\/v2\/product_brand?post=185"},{"taxonomy":"product_cat","embeddable":true,"href":"https:\/\/krawallonkel.net\/index.php\/wp-json\/wp\/v2\/product_cat?post=185"},{"taxonomy":"product_tag","embeddable":true,"href":"https:\/\/krawallonkel.net\/index.php\/wp-json\/wp\/v2\/product_tag?post=185"}],"curies":[{"name":"wp","href":"https:\/\/api.w.org\/{rel}","templated":true}]}}