{"id":203,"date":"2025-08-07T12:10:40","date_gmt":"2025-08-07T10:10:40","guid":{"rendered":"http:\/\/152.53.85.102\/?post_type=product&#038;p=203"},"modified":"2025-08-07T12:10:41","modified_gmt":"2025-08-07T10:10:41","slug":"es-reicht-jetzt","status":"publish","type":"product","link":"https:\/\/krawallonkel.net\/index.php\/produkt\/es-reicht-jetzt\/","title":{"rendered":"Es Reicht jetzt"},"content":{"rendered":"<ol>\n<li data-start=\"477\" data-end=\"511\">\n<p data-start=\"480\" data-end=\"511\">Am dreiundzwanzigsten Februar<\/p>\n<\/li>\n<li data-start=\"512\" data-end=\"537\">\n<p data-start=\"515\" data-end=\"537\">Die Berge, die T\u00e4ler<\/p>\n<\/li>\n<li data-start=\"538\" data-end=\"560\">\n<p data-start=\"541\" data-end=\"560\">Der Gr\u00fcne Kamerad<\/p>\n<\/li>\n<li data-start=\"561\" data-end=\"578\">\n<p data-start=\"564\" data-end=\"578\">Frei geboren<\/p>\n<\/li>\n<li data-start=\"579\" data-end=\"609\">\n<p data-start=\"582\" data-end=\"609\">Links rechts ist mir egal<\/p>\n<\/li>\n<li data-start=\"610\" data-end=\"628\">\n<p data-start=\"613\" data-end=\"628\">F\u00fcr Daniel H.<\/p>\n<\/li>\n<li data-start=\"629\" data-end=\"661\">\n<p data-start=\"632\" data-end=\"661\">Musik ist gut f\u00fcr die Seele<\/p>\n<\/li>\n<li data-start=\"662\" data-end=\"684\">\n<p data-start=\"665\" data-end=\"684\">Ihr kotzt mich an<\/p>\n<\/li>\n<li data-start=\"685\" data-end=\"711\">\n<p data-start=\"688\" data-end=\"711\">Theologe Yasin P\u0131\u015fg\u0131n<\/p>\n<\/li>\n<li data-start=\"712\" data-end=\"735\">\n<p data-start=\"716\" data-end=\"735\">Mittelfinger Hoch<\/p>\n<\/li>\n<li data-start=\"736\" data-end=\"776\">\n<p data-start=\"740\" data-end=\"776\">Ohhh, Hals Maul, sei einfach leise<\/p>\n<\/li>\n<li data-start=\"777\" data-end=\"805\">\n<p data-start=\"781\" data-end=\"805\">Sicher auf den Stra\u00dfen<\/p>\n<\/li>\n<li data-start=\"806\" data-end=\"821\">\n<p data-start=\"810\" data-end=\"821\">Tick Tack<\/p>\n<\/li>\n<li data-start=\"822\" data-end=\"846\">\n<p data-start=\"826\" data-end=\"846\">Wir gegen den Hass<\/p>\n<\/li>\n<li data-start=\"847\" data-end=\"899\">\n<p data-start=\"851\" data-end=\"899\">Es reicht uns, es ist Schluss, aus und vorbei!<\/p>\n<\/li>\n<li data-start=\"900\" data-end=\"922\">\n<p data-start=\"904\" data-end=\"922\">Oh Gott, hilf uns!<\/p>\n<\/li>\n<\/ol>\n","protected":false},"excerpt":{"rendered":"<p>Wenn Worte nicht mehr reichen, wenn Musik zur Waffe wird \u2013<br data-start=\"295\" data-end=\"298\" \/>dann entsteht sowas wie dieses Album:<br data-start=\"335\" data-end=\"338\" \/>Ein Soundtrack der Wut, der Trauer, der Wahrheit.<br data-start=\"387\" data-end=\"390\" \/><strong data-start=\"390\" data-end=\"436\">F\u00fcr alle, die nicht mehr schweigen wollen.<\/strong><\/p>\n","protected":false},"featured_media":204,"comment_status":"open","ping_status":"closed","template":"","meta":[],"product_brand":[],"product_cat":[19],"product_tag":[],"class_list":{"0":"post-203","1":"product","2":"type-product","3":"status-publish","4":"has-post-thumbnail","6":"product_cat-alben","8":"first","9":"instock","10":"downloadable","11":"virtual","12":"purchasable","13":"product-type-simple"},"_links":{"self":[{"href":"https:\/\/krawallonkel.net\/index.php\/wp-json\/wp\/v2\/product\/203","targetHints":{"allow":["GET"]}}],"collection":[{"href":"https:\/\/krawallonkel.net\/index.php\/wp-json\/wp\/v2\/product"}],"about":[{"href":"https:\/\/krawallonkel.net\/index.php\/wp-json\/wp\/v2\/types\/product"}],"replies":[{"embeddable":true,"href":"https:\/\/krawallonkel.net\/index.php\/wp-json\/wp\/v2\/comments?post=203"}],"wp:featuredmedia":[{"embeddable":true,"href":"https:\/\/krawallonkel.net\/index.php\/wp-json\/wp\/v2\/media\/204"}],"wp:attachment":[{"href":"https:\/\/krawallonkel.net\/index.php\/wp-json\/wp\/v2\/media?parent=203"}],"wp:term":[{"taxonomy":"product_brand","embeddable":true,"href":"https:\/\/krawallonkel.net\/index.php\/wp-json\/wp\/v2\/product_brand?post=203"},{"taxonomy":"product_cat","embeddable":true,"href":"https:\/\/krawallonkel.net\/index.php\/wp-json\/wp\/v2\/product_cat?post=203"},{"taxonomy":"product_tag","embeddable":true,"href":"https:\/\/krawallonkel.net\/index.php\/wp-json\/wp\/v2\/product_tag?post=203"}],"curies":[{"name":"wp","href":"https:\/\/api.w.org\/{rel}","templated":true}]}}