{"id":215,"date":"2025-08-07T12:28:19","date_gmt":"2025-08-07T10:28:19","guid":{"rendered":"http:\/\/152.53.85.102\/?post_type=product&#038;p=215"},"modified":"2025-08-07T12:28:19","modified_gmt":"2025-08-07T10:28:19","slug":"for-our-children","status":"publish","type":"product","link":"https:\/\/krawallonkel.net\/index.php\/produkt\/for-our-children\/","title":{"rendered":"For our children"},"content":{"rendered":"<ol>\n<li data-start=\"451\" data-end=\"471\">\n<p data-start=\"454\" data-end=\"471\">Blood Runs Down<\/p>\n<\/li>\n<li data-start=\"472\" data-end=\"493\">\n<p data-start=\"475\" data-end=\"493\">For Our Children<\/p>\n<\/li>\n<li data-start=\"494\" data-end=\"512\">\n<p data-start=\"497\" data-end=\"512\">For This Land<\/p>\n<\/li>\n<li data-start=\"513\" data-end=\"527\">\n<p data-start=\"516\" data-end=\"527\">Inner War<\/p>\n<\/li>\n<li data-start=\"528\" data-end=\"551\">\n<p data-start=\"531\" data-end=\"551\">The World Explodes<\/p>\n<\/li>\n<li data-start=\"552\" data-end=\"573\">\n<p data-start=\"555\" data-end=\"573\">Tired of the Fight<\/p>\n<\/li>\n<\/ol>\n","protected":false},"excerpt":{"rendered":"<p>Ein Album in englischer Sprache \u2013 f\u00fcr alle, die \u00fcber Grenzen hinaus denken.<br data-start=\"302\" data-end=\"305\" \/>Es geht um Zukunft, um Schmerz, um den Willen, nicht aufzugeben \u2013<br data-start=\"370\" data-end=\"373\" \/><strong data-start=\"373\" data-end=\"421\">f\u00fcr die Kinder, f\u00fcr das Land, f\u00fcr das Leben.<\/strong><\/p>\n","protected":false},"featured_media":216,"comment_status":"open","ping_status":"closed","template":"","meta":[],"product_brand":[],"product_cat":[16],"product_tag":[],"class_list":{"0":"post-215","1":"product","2":"type-product","3":"status-publish","4":"has-post-thumbnail","6":"product_cat-ep","8":"first","9":"instock","10":"downloadable","11":"virtual","12":"purchasable","13":"product-type-simple"},"_links":{"self":[{"href":"https:\/\/krawallonkel.net\/index.php\/wp-json\/wp\/v2\/product\/215","targetHints":{"allow":["GET"]}}],"collection":[{"href":"https:\/\/krawallonkel.net\/index.php\/wp-json\/wp\/v2\/product"}],"about":[{"href":"https:\/\/krawallonkel.net\/index.php\/wp-json\/wp\/v2\/types\/product"}],"replies":[{"embeddable":true,"href":"https:\/\/krawallonkel.net\/index.php\/wp-json\/wp\/v2\/comments?post=215"}],"wp:featuredmedia":[{"embeddable":true,"href":"https:\/\/krawallonkel.net\/index.php\/wp-json\/wp\/v2\/media\/216"}],"wp:attachment":[{"href":"https:\/\/krawallonkel.net\/index.php\/wp-json\/wp\/v2\/media?parent=215"}],"wp:term":[{"taxonomy":"product_brand","embeddable":true,"href":"https:\/\/krawallonkel.net\/index.php\/wp-json\/wp\/v2\/product_brand?post=215"},{"taxonomy":"product_cat","embeddable":true,"href":"https:\/\/krawallonkel.net\/index.php\/wp-json\/wp\/v2\/product_cat?post=215"},{"taxonomy":"product_tag","embeddable":true,"href":"https:\/\/krawallonkel.net\/index.php\/wp-json\/wp\/v2\/product_tag?post=215"}],"curies":[{"name":"wp","href":"https:\/\/api.w.org\/{rel}","templated":true}]}}