{"id":278,"date":"2025-08-07T13:47:36","date_gmt":"2025-08-07T11:47:36","guid":{"rendered":"http:\/\/152.53.85.102\/?post_type=product&#038;p=278"},"modified":"2025-08-07T13:47:36","modified_gmt":"2025-08-07T11:47:36","slug":"liebe-und-hass","status":"publish","type":"product","link":"https:\/\/krawallonkel.net\/index.php\/produkt\/liebe-und-hass\/","title":{"rendered":"liebe und hass"},"content":{"rendered":"<ol>\n<li data-start=\"499\" data-end=\"518\">\n<p data-start=\"502\" data-end=\"518\">Blut und Feuer<\/p>\n<\/li>\n<li data-start=\"519\" data-end=\"540\">\n<p data-start=\"522\" data-end=\"540\">Distanz oder Tod<\/p>\n<\/li>\n<li data-start=\"541\" data-end=\"563\">\n<p data-start=\"544\" data-end=\"563\">F\u00fcrchte die Tiere<\/p>\n<\/li>\n<li data-start=\"564\" data-end=\"604\">\n<p data-start=\"567\" data-end=\"604\">Ich liebe Tiere, ich hasse Menschen<\/p>\n<\/li>\n<li data-start=\"605\" data-end=\"623\">\n<p data-start=\"608\" data-end=\"623\">Innerer Krieg<\/p>\n<\/li>\n<li data-start=\"624\" data-end=\"643\">\n<p data-start=\"627\" data-end=\"643\">Stra\u00dfe des Todes<\/p>\n<\/li>\n<\/ol>\n","protected":false},"excerpt":{"rendered":"<p data-start=\"146\" data-end=\"182\"><strong data-start=\"146\" data-end=\"182\">Zerrissen. Verloren. Wahrhaftig.<\/strong><\/p>\n<p data-start=\"184\" data-end=\"471\">In diesem Album treffen Gef\u00fchl und Gewalt, Mitgef\u00fchl und Abscheu, N\u00e4he und Distanz aufeinander. KrawallOnkel verarbeitet, was ihn innerlich zerrei\u00dft \u2013 mit Worten, die keiner sagen will, und T\u00f6nen, die keiner \u00fcberh\u00f6ren kann. Zwischen Wahnsinn und Wahrheit, Mensch und Tier, Leben und Tod.<\/p>\n","protected":false},"featured_media":279,"comment_status":"open","ping_status":"closed","template":"","meta":[],"product_brand":[],"product_cat":[16],"product_tag":[],"class_list":{"0":"post-278","1":"product","2":"type-product","3":"status-publish","4":"has-post-thumbnail","6":"product_cat-ep","8":"first","9":"instock","10":"downloadable","11":"virtual","12":"purchasable","13":"product-type-simple"},"_links":{"self":[{"href":"https:\/\/krawallonkel.net\/index.php\/wp-json\/wp\/v2\/product\/278","targetHints":{"allow":["GET"]}}],"collection":[{"href":"https:\/\/krawallonkel.net\/index.php\/wp-json\/wp\/v2\/product"}],"about":[{"href":"https:\/\/krawallonkel.net\/index.php\/wp-json\/wp\/v2\/types\/product"}],"replies":[{"embeddable":true,"href":"https:\/\/krawallonkel.net\/index.php\/wp-json\/wp\/v2\/comments?post=278"}],"wp:featuredmedia":[{"embeddable":true,"href":"https:\/\/krawallonkel.net\/index.php\/wp-json\/wp\/v2\/media\/279"}],"wp:attachment":[{"href":"https:\/\/krawallonkel.net\/index.php\/wp-json\/wp\/v2\/media?parent=278"}],"wp:term":[{"taxonomy":"product_brand","embeddable":true,"href":"https:\/\/krawallonkel.net\/index.php\/wp-json\/wp\/v2\/product_brand?post=278"},{"taxonomy":"product_cat","embeddable":true,"href":"https:\/\/krawallonkel.net\/index.php\/wp-json\/wp\/v2\/product_cat?post=278"},{"taxonomy":"product_tag","embeddable":true,"href":"https:\/\/krawallonkel.net\/index.php\/wp-json\/wp\/v2\/product_tag?post=278"}],"curies":[{"name":"wp","href":"https:\/\/api.w.org\/{rel}","templated":true}]}}