{"id":284,"date":"2025-08-07T13:51:08","date_gmt":"2025-08-07T11:51:08","guid":{"rendered":"http:\/\/152.53.85.102\/?post_type=product&#038;p=284"},"modified":"2025-08-07T13:51:08","modified_gmt":"2025-08-07T11:51:08","slug":"maennergrippe","status":"publish","type":"product","link":"https:\/\/krawallonkel.net\/index.php\/produkt\/maennergrippe\/","title":{"rendered":"M\u00e4nnergrippe"},"content":{"rendered":"<ol>\n<li data-start=\"464\" data-end=\"494\">\n<p data-start=\"467\" data-end=\"494\">Die M\u00e4nner und die Grippe<\/p>\n<\/li>\n<li data-start=\"495\" data-end=\"514\">\n<p data-start=\"498\" data-end=\"514\">Der Kampfgeist<\/p>\n<\/li>\n<li data-start=\"515\" data-end=\"545\">\n<p data-start=\"518\" data-end=\"545\">Der Tod steht vor der T\u00fcr<\/p>\n<\/li>\n<li data-start=\"546\" data-end=\"569\">\n<p data-start=\"549\" data-end=\"569\">Die wahre Apokalypse<\/p>\n<\/li>\n<\/ol>\n","protected":false},"excerpt":{"rendered":"<p data-start=\"134\" data-end=\"210\"><strong data-start=\"134\" data-end=\"210\">H\u00e4rter als Krieg. Brutaler als Liebeskummer. T\u00f6dlicher als die Realit\u00e4t.<\/strong><\/p>\n<p data-start=\"212\" data-end=\"436\">Wenn M\u00e4nner krank sind, steht die Welt still \u2013 und dieses Album beweist, warum. Vier epische Hymnen \u00fcber Schmerz, Leiden und den \u00dcberlebenskampf am Rande der Taschentuchpackung. Ironisch, \u00fcbertrieben \u2013 und erschreckend real.<\/p>\n","protected":false},"featured_media":285,"comment_status":"open","ping_status":"closed","template":"","meta":[],"product_brand":[],"product_cat":[16],"product_tag":[],"class_list":{"0":"post-284","1":"product","2":"type-product","3":"status-publish","4":"has-post-thumbnail","6":"product_cat-ep","8":"first","9":"instock","10":"downloadable","11":"virtual","12":"purchasable","13":"product-type-simple"},"_links":{"self":[{"href":"https:\/\/krawallonkel.net\/index.php\/wp-json\/wp\/v2\/product\/284","targetHints":{"allow":["GET"]}}],"collection":[{"href":"https:\/\/krawallonkel.net\/index.php\/wp-json\/wp\/v2\/product"}],"about":[{"href":"https:\/\/krawallonkel.net\/index.php\/wp-json\/wp\/v2\/types\/product"}],"replies":[{"embeddable":true,"href":"https:\/\/krawallonkel.net\/index.php\/wp-json\/wp\/v2\/comments?post=284"}],"wp:featuredmedia":[{"embeddable":true,"href":"https:\/\/krawallonkel.net\/index.php\/wp-json\/wp\/v2\/media\/285"}],"wp:attachment":[{"href":"https:\/\/krawallonkel.net\/index.php\/wp-json\/wp\/v2\/media?parent=284"}],"wp:term":[{"taxonomy":"product_brand","embeddable":true,"href":"https:\/\/krawallonkel.net\/index.php\/wp-json\/wp\/v2\/product_brand?post=284"},{"taxonomy":"product_cat","embeddable":true,"href":"https:\/\/krawallonkel.net\/index.php\/wp-json\/wp\/v2\/product_cat?post=284"},{"taxonomy":"product_tag","embeddable":true,"href":"https:\/\/krawallonkel.net\/index.php\/wp-json\/wp\/v2\/product_tag?post=284"}],"curies":[{"name":"wp","href":"https:\/\/api.w.org\/{rel}","templated":true}]}}