{"id":287,"date":"2025-08-07T13:57:28","date_gmt":"2025-08-07T11:57:28","guid":{"rendered":"http:\/\/152.53.85.102\/?post_type=product&#038;p=287"},"modified":"2025-08-07T13:57:28","modified_gmt":"2025-08-07T11:57:28","slug":"maerchen","status":"publish","type":"product","link":"https:\/\/krawallonkel.net\/index.php\/produkt\/maerchen\/","title":{"rendered":"M\u00e4rchen"},"content":{"rendered":"<ol>\n<li data-start=\"437\" data-end=\"461\">\n<p data-start=\"440\" data-end=\"461\">Der Pfad ins Dunkel<\/p>\n<\/li>\n<li data-start=\"462\" data-end=\"494\">\n<p data-start=\"465\" data-end=\"494\">Die Krieger des Untergrunds<\/p>\n<\/li>\n<li data-start=\"495\" data-end=\"520\">\n<p data-start=\"498\" data-end=\"520\">Die Nacht geh\u00f6rt mir<\/p>\n<\/li>\n<li data-start=\"521\" data-end=\"544\">\n<p data-start=\"524\" data-end=\"544\">Hey, kleine Helden<\/p>\n<\/li>\n<li data-start=\"545\" data-end=\"578\">\n<p data-start=\"548\" data-end=\"578\">Ich will der Allerbeste sein<\/p>\n<\/li>\n<li data-start=\"579\" data-end=\"596\">\n<p data-start=\"582\" data-end=\"596\">Kobold-Chaos<\/p>\n<\/li>\n<li data-start=\"597\" data-end=\"626\">\n<p data-start=\"600\" data-end=\"626\">Marco \u2013 Der einsame Held<\/p>\n<\/li>\n<li data-start=\"627\" data-end=\"643\">\n<p data-start=\"630\" data-end=\"643\">Rotk\u00e4ppchen<\/p>\n<\/li>\n<li data-start=\"644\" data-end=\"667\">\n<p data-start=\"647\" data-end=\"667\">Springende Krieger<\/p>\n<\/li>\n<li data-start=\"668\" data-end=\"692\">\n<p data-start=\"672\" data-end=\"692\">W\u00e4chterin des Lichts<\/p>\n<\/li>\n<\/ol>\n","protected":false},"excerpt":{"rendered":"<p>Zwischen Fabelwesen, Heldenmut und d\u00fcsteren Schatten erz\u00e4hlt dieses Album M\u00e4rchen neu \u2013 rebellisch, laut und mit einer Prise Wahnsinn. Keine heile Welt \u2013 sondern Geschichten f\u00fcr die, die schon lange wissen, dass es keine guten alten Zeiten gab.<\/p>\n","protected":false},"featured_media":288,"comment_status":"open","ping_status":"closed","template":"","meta":[],"product_brand":[],"product_cat":[19],"product_tag":[],"class_list":{"0":"post-287","1":"product","2":"type-product","3":"status-publish","4":"has-post-thumbnail","6":"product_cat-alben","8":"first","9":"instock","10":"downloadable","11":"virtual","12":"purchasable","13":"product-type-simple"},"_links":{"self":[{"href":"https:\/\/krawallonkel.net\/index.php\/wp-json\/wp\/v2\/product\/287","targetHints":{"allow":["GET"]}}],"collection":[{"href":"https:\/\/krawallonkel.net\/index.php\/wp-json\/wp\/v2\/product"}],"about":[{"href":"https:\/\/krawallonkel.net\/index.php\/wp-json\/wp\/v2\/types\/product"}],"replies":[{"embeddable":true,"href":"https:\/\/krawallonkel.net\/index.php\/wp-json\/wp\/v2\/comments?post=287"}],"wp:featuredmedia":[{"embeddable":true,"href":"https:\/\/krawallonkel.net\/index.php\/wp-json\/wp\/v2\/media\/288"}],"wp:attachment":[{"href":"https:\/\/krawallonkel.net\/index.php\/wp-json\/wp\/v2\/media?parent=287"}],"wp:term":[{"taxonomy":"product_brand","embeddable":true,"href":"https:\/\/krawallonkel.net\/index.php\/wp-json\/wp\/v2\/product_brand?post=287"},{"taxonomy":"product_cat","embeddable":true,"href":"https:\/\/krawallonkel.net\/index.php\/wp-json\/wp\/v2\/product_cat?post=287"},{"taxonomy":"product_tag","embeddable":true,"href":"https:\/\/krawallonkel.net\/index.php\/wp-json\/wp\/v2\/product_tag?post=287"}],"curies":[{"name":"wp","href":"https:\/\/api.w.org\/{rel}","templated":true}]}}