{"id":299,"date":"2025-08-07T14:11:03","date_gmt":"2025-08-07T12:11:03","guid":{"rendered":"http:\/\/152.53.85.102\/?post_type=product&#038;p=299"},"modified":"2025-08-07T14:11:03","modified_gmt":"2025-08-07T12:11:03","slug":"neffe","status":"publish","type":"product","link":"https:\/\/krawallonkel.net\/index.php\/produkt\/neffe\/","title":{"rendered":"Neffe"},"content":{"rendered":"<ol>\n<li data-start=\"442\" data-end=\"463\">\n<p data-start=\"445\" data-end=\"463\">Mehr Voneinander<\/p>\n<\/li>\n<li data-start=\"464\" data-end=\"493\">\n<p data-start=\"467\" data-end=\"493\">Neues Leben, Neues Gl\u00fcck<\/p>\n<\/li>\n<li data-start=\"494\" data-end=\"524\">\n<p data-start=\"497\" data-end=\"524\">Willkommen im Leben, Liam<\/p>\n<\/li>\n<li data-start=\"525\" data-end=\"547\">\n<p data-start=\"528\" data-end=\"547\">Willkommen im Leben<\/p>\n<\/li>\n<\/ol>\n","protected":false},"excerpt":{"rendered":"<h3 data-start=\"122\" data-end=\"162\"><strong data-start=\"129\" data-end=\"160\">Neffe \u2013 Willkommen im Leben<\/strong><\/h3>\n<p data-start=\"163\" data-end=\"414\">Ein kleines Wesen betritt die Welt \u2013 und nichts ist mehr, wie es war.<br data-start=\"232\" data-end=\"235\" \/>Dieses Mini-Album ist eine Hommage an neues Leben, an Hoffnung, an Familie.<br data-start=\"310\" data-end=\"313\" \/>Gef\u00fchlvoll, direkt und pers\u00f6nlich. F\u00fcr Liam \u2013 und f\u00fcr alle, die wissen, was ein neues Leben bedeutet.<\/p>\n","protected":false},"featured_media":300,"comment_status":"open","ping_status":"closed","template":"","meta":[],"product_brand":[],"product_cat":[16],"product_tag":[],"class_list":{"0":"post-299","1":"product","2":"type-product","3":"status-publish","4":"has-post-thumbnail","6":"product_cat-ep","8":"first","9":"instock","10":"downloadable","11":"virtual","12":"purchasable","13":"product-type-simple"},"_links":{"self":[{"href":"https:\/\/krawallonkel.net\/index.php\/wp-json\/wp\/v2\/product\/299","targetHints":{"allow":["GET"]}}],"collection":[{"href":"https:\/\/krawallonkel.net\/index.php\/wp-json\/wp\/v2\/product"}],"about":[{"href":"https:\/\/krawallonkel.net\/index.php\/wp-json\/wp\/v2\/types\/product"}],"replies":[{"embeddable":true,"href":"https:\/\/krawallonkel.net\/index.php\/wp-json\/wp\/v2\/comments?post=299"}],"wp:featuredmedia":[{"embeddable":true,"href":"https:\/\/krawallonkel.net\/index.php\/wp-json\/wp\/v2\/media\/300"}],"wp:attachment":[{"href":"https:\/\/krawallonkel.net\/index.php\/wp-json\/wp\/v2\/media?parent=299"}],"wp:term":[{"taxonomy":"product_brand","embeddable":true,"href":"https:\/\/krawallonkel.net\/index.php\/wp-json\/wp\/v2\/product_brand?post=299"},{"taxonomy":"product_cat","embeddable":true,"href":"https:\/\/krawallonkel.net\/index.php\/wp-json\/wp\/v2\/product_cat?post=299"},{"taxonomy":"product_tag","embeddable":true,"href":"https:\/\/krawallonkel.net\/index.php\/wp-json\/wp\/v2\/product_tag?post=299"}],"curies":[{"name":"wp","href":"https:\/\/api.w.org\/{rel}","templated":true}]}}