{"id":305,"date":"2025-08-07T14:18:03","date_gmt":"2025-08-07T12:18:03","guid":{"rendered":"http:\/\/152.53.85.102\/?post_type=product&#038;p=305"},"modified":"2025-08-07T14:18:03","modified_gmt":"2025-08-07T12:18:03","slug":"neues-jahr-neues-glueck","status":"publish","type":"product","link":"https:\/\/krawallonkel.net\/index.php\/produkt\/neues-jahr-neues-glueck\/","title":{"rendered":"Neues Jahr, neues Gl\u00fcck"},"content":{"rendered":"<ol>\n<li data-start=\"340\" data-end=\"381\">\n<p data-start=\"343\" data-end=\"381\">Auf diesem H\u00fcgel seh\u2019 ich meine Welt<\/p>\n<\/li>\n<li data-start=\"382\" data-end=\"401\">\n<p data-start=\"385\" data-end=\"401\">Blut und Asche<\/p>\n<\/li>\n<li data-start=\"402\" data-end=\"421\">\n<p data-start=\"405\" data-end=\"421\">Danke f\u00fcr euch<\/p>\n<\/li>\n<li data-start=\"422\" data-end=\"444\">\n<p data-start=\"425\" data-end=\"444\">F\u00fcr das Vaterland<\/p>\n<\/li>\n<li data-start=\"445\" data-end=\"479\">\n<p data-start=\"448\" data-end=\"479\">Kein Vergeben, Kein Vergessen<\/p>\n<\/li>\n<li data-start=\"480\" data-end=\"508\">\n<p data-start=\"483\" data-end=\"508\">Neues Jahr, neues Gl\u00fcck<\/p>\n<\/li>\n<li data-start=\"509\" data-end=\"545\">\n<p data-start=\"512\" data-end=\"545\">Neujahrsgru\u00df \u2013 Kurz und Knackig<\/p>\n<\/li>\n<li data-start=\"546\" data-end=\"562\">\n<p data-start=\"549\" data-end=\"562\">Prosit 2025<\/p>\n<\/li>\n<li data-start=\"563\" data-end=\"589\">\n<p data-start=\"566\" data-end=\"589\">Schluss, Aus, Vorbei2<\/p>\n<\/li>\n<li data-start=\"590\" data-end=\"611\">\n<p data-start=\"594\" data-end=\"611\">Nein, nein, nein!<\/p>\n<\/li>\n<\/ol>\n","protected":false},"excerpt":{"rendered":"<p>Ein Neuanfang mit Wumms!<br data-start=\"75\" data-end=\"78\" \/>Zwischen Dankbarkeit, Abrechnung und Vaterlandsliebe \u2013 dieses Album ballert sich durch Silvesterfeuerwerk, Neujahrsw\u00fcnsche und gesellschaftliche Narben.<br data-start=\"230\" data-end=\"233\" \/>Ideal f\u00fcr alle, die das Jahr nicht mit Konfetti, sondern mit Klartext begr\u00fc\u00dfen.<\/p>\n","protected":false},"featured_media":306,"comment_status":"open","ping_status":"closed","template":"","meta":[],"product_brand":[],"product_cat":[19],"product_tag":[],"class_list":{"0":"post-305","1":"product","2":"type-product","3":"status-publish","4":"has-post-thumbnail","6":"product_cat-alben","8":"first","9":"instock","10":"downloadable","11":"virtual","12":"purchasable","13":"product-type-simple"},"_links":{"self":[{"href":"https:\/\/krawallonkel.net\/index.php\/wp-json\/wp\/v2\/product\/305","targetHints":{"allow":["GET"]}}],"collection":[{"href":"https:\/\/krawallonkel.net\/index.php\/wp-json\/wp\/v2\/product"}],"about":[{"href":"https:\/\/krawallonkel.net\/index.php\/wp-json\/wp\/v2\/types\/product"}],"replies":[{"embeddable":true,"href":"https:\/\/krawallonkel.net\/index.php\/wp-json\/wp\/v2\/comments?post=305"}],"wp:featuredmedia":[{"embeddable":true,"href":"https:\/\/krawallonkel.net\/index.php\/wp-json\/wp\/v2\/media\/306"}],"wp:attachment":[{"href":"https:\/\/krawallonkel.net\/index.php\/wp-json\/wp\/v2\/media?parent=305"}],"wp:term":[{"taxonomy":"product_brand","embeddable":true,"href":"https:\/\/krawallonkel.net\/index.php\/wp-json\/wp\/v2\/product_brand?post=305"},{"taxonomy":"product_cat","embeddable":true,"href":"https:\/\/krawallonkel.net\/index.php\/wp-json\/wp\/v2\/product_cat?post=305"},{"taxonomy":"product_tag","embeddable":true,"href":"https:\/\/krawallonkel.net\/index.php\/wp-json\/wp\/v2\/product_tag?post=305"}],"curies":[{"name":"wp","href":"https:\/\/api.w.org\/{rel}","templated":true}]}}