{"id":308,"date":"2025-08-07T14:23:58","date_gmt":"2025-08-07T12:23:58","guid":{"rendered":"http:\/\/152.53.85.102\/?post_type=product&#038;p=308"},"modified":"2025-08-07T14:23:58","modified_gmt":"2025-08-07T12:23:58","slug":"nicht-mein-normal","status":"publish","type":"product","link":"https:\/\/krawallonkel.net\/index.php\/produkt\/nicht-mein-normal\/","title":{"rendered":"Nicht Mein Normal"},"content":{"rendered":"<ol>\n<li data-start=\"357\" data-end=\"387\">\n<p data-start=\"360\" data-end=\"387\">Es reicht \u2013 Es ist vorbei<\/p>\n<\/li>\n<li data-start=\"388\" data-end=\"412\">\n<p data-start=\"391\" data-end=\"412\">Kein Platz f\u00fcr mich<\/p>\n<\/li>\n<li data-start=\"413\" data-end=\"432\">\n<p data-start=\"416\" data-end=\"432\">Letzter Befehl<\/p>\n<\/li>\n<li data-start=\"433\" data-end=\"455\">\n<p data-start=\"436\" data-end=\"455\">Nicht mein Normal<\/p>\n<\/li>\n<li data-start=\"456\" data-end=\"489\">\n<p data-start=\"459\" data-end=\"489\">Schluss. Ich kann nicht mehr<\/p>\n<\/li>\n<li data-start=\"490\" data-end=\"501\">\n<p data-start=\"493\" data-end=\"501\">Vorbei<\/p>\n<\/li>\n<li data-start=\"502\" data-end=\"521\">\n<p data-start=\"505\" data-end=\"521\">Still geworden<\/p>\n<\/li>\n<li data-start=\"522\" data-end=\"544\">\n<p data-start=\"525\" data-end=\"544\">Wenn du das h\u00f6rst<\/p>\n<\/li>\n<li data-start=\"545\" data-end=\"559\">\n<p data-start=\"548\" data-end=\"559\">Zweite Wahl<\/p>\n<\/li>\n<\/ol>\n","protected":false},"excerpt":{"rendered":"<p>Ein rohes, emotional aufgeladenes Album \u00fcber Ausgrenzung, R\u00fcckschl\u00e4ge und den finalen Bruch mit der \u201eNormalit\u00e4t\u201c.<br data-start=\"158\" data-end=\"161\" \/>\u201eNicht Mein Normal\u201c ist kein Album zum Nebenbei-H\u00f6ren \u2013 es ist ein akustischer Abschiedsbrief an ein System, das nicht f\u00fcr alle gemacht ist. Direkt. Schonungslos. Wahr.<\/p>\n","protected":false},"featured_media":309,"comment_status":"open","ping_status":"closed","template":"","meta":[],"product_brand":[],"product_cat":[19],"product_tag":[],"class_list":{"0":"post-308","1":"product","2":"type-product","3":"status-publish","4":"has-post-thumbnail","6":"product_cat-alben","8":"first","9":"instock","10":"downloadable","11":"virtual","12":"purchasable","13":"product-type-simple"},"_links":{"self":[{"href":"https:\/\/krawallonkel.net\/index.php\/wp-json\/wp\/v2\/product\/308","targetHints":{"allow":["GET"]}}],"collection":[{"href":"https:\/\/krawallonkel.net\/index.php\/wp-json\/wp\/v2\/product"}],"about":[{"href":"https:\/\/krawallonkel.net\/index.php\/wp-json\/wp\/v2\/types\/product"}],"replies":[{"embeddable":true,"href":"https:\/\/krawallonkel.net\/index.php\/wp-json\/wp\/v2\/comments?post=308"}],"wp:featuredmedia":[{"embeddable":true,"href":"https:\/\/krawallonkel.net\/index.php\/wp-json\/wp\/v2\/media\/309"}],"wp:attachment":[{"href":"https:\/\/krawallonkel.net\/index.php\/wp-json\/wp\/v2\/media?parent=308"}],"wp:term":[{"taxonomy":"product_brand","embeddable":true,"href":"https:\/\/krawallonkel.net\/index.php\/wp-json\/wp\/v2\/product_brand?post=308"},{"taxonomy":"product_cat","embeddable":true,"href":"https:\/\/krawallonkel.net\/index.php\/wp-json\/wp\/v2\/product_cat?post=308"},{"taxonomy":"product_tag","embeddable":true,"href":"https:\/\/krawallonkel.net\/index.php\/wp-json\/wp\/v2\/product_tag?post=308"}],"curies":[{"name":"wp","href":"https:\/\/api.w.org\/{rel}","templated":true}]}}