{"id":323,"date":"2025-08-07T14:35:29","date_gmt":"2025-08-07T12:35:29","guid":{"rendered":"http:\/\/152.53.85.102\/?post_type=product&#038;p=323"},"modified":"2025-08-07T14:35:29","modified_gmt":"2025-08-07T12:35:29","slug":"oi","status":"publish","type":"product","link":"https:\/\/krawallonkel.net\/index.php\/produkt\/oi\/","title":{"rendered":"OI"},"content":{"rendered":"<ol>\n<li data-start=\"238\" data-end=\"265\">\n<p data-start=\"241\" data-end=\"265\">Bier, Br\u00fcder, Freiheit<\/p>\n<\/li>\n<li data-start=\"266\" data-end=\"290\">\n<p data-start=\"269\" data-end=\"290\">H\u00f6rt unseren Schrei<\/p>\n<\/li>\n<li data-start=\"291\" data-end=\"313\">\n<p data-start=\"294\" data-end=\"313\">Raus aus dem Grau<\/p>\n<\/li>\n<li data-start=\"314\" data-end=\"346\">\n<p data-start=\"317\" data-end=\"346\">Saufen, lachen, laut Gesang<\/p>\n<\/li>\n<li data-start=\"347\" data-end=\"373\">\n<p data-start=\"350\" data-end=\"373\">Stra\u00dfen unserer Stadt<\/p>\n<\/li>\n<li data-start=\"374\" data-end=\"429\">\n<p data-start=\"377\" data-end=\"429\">Wir haben die Schnauze voll, wir stehen jetzt auf!<\/p>\n<\/li>\n<li data-start=\"430\" data-end=\"456\">\n<p data-start=\"433\" data-end=\"456\">Zusammen sind wir stark<\/p>\n<\/li>\n<\/ol>\n","protected":false},"excerpt":{"rendered":"<p>Ein Gru\u00df an die Stra\u00dfe. An die echten Br\u00fcder.<br data-start=\"75\" data-end=\"78\" \/>An die N\u00e4chte mit Bier, Schreien, Zusammenhalt \u2013 und an den Willen, nie wieder zu schweigen.<br data-start=\"170\" data-end=\"173\" \/>7 Songs. 100\u202f% Oi! Keine Kompromisse.<\/p>\n","protected":false},"featured_media":324,"comment_status":"open","ping_status":"closed","template":"","meta":[],"product_brand":[],"product_cat":[16],"product_tag":[],"class_list":{"0":"post-323","1":"product","2":"type-product","3":"status-publish","4":"has-post-thumbnail","6":"product_cat-ep","8":"first","9":"instock","10":"downloadable","11":"virtual","12":"purchasable","13":"product-type-simple"},"_links":{"self":[{"href":"https:\/\/krawallonkel.net\/index.php\/wp-json\/wp\/v2\/product\/323","targetHints":{"allow":["GET"]}}],"collection":[{"href":"https:\/\/krawallonkel.net\/index.php\/wp-json\/wp\/v2\/product"}],"about":[{"href":"https:\/\/krawallonkel.net\/index.php\/wp-json\/wp\/v2\/types\/product"}],"replies":[{"embeddable":true,"href":"https:\/\/krawallonkel.net\/index.php\/wp-json\/wp\/v2\/comments?post=323"}],"wp:featuredmedia":[{"embeddable":true,"href":"https:\/\/krawallonkel.net\/index.php\/wp-json\/wp\/v2\/media\/324"}],"wp:attachment":[{"href":"https:\/\/krawallonkel.net\/index.php\/wp-json\/wp\/v2\/media?parent=323"}],"wp:term":[{"taxonomy":"product_brand","embeddable":true,"href":"https:\/\/krawallonkel.net\/index.php\/wp-json\/wp\/v2\/product_brand?post=323"},{"taxonomy":"product_cat","embeddable":true,"href":"https:\/\/krawallonkel.net\/index.php\/wp-json\/wp\/v2\/product_cat?post=323"},{"taxonomy":"product_tag","embeddable":true,"href":"https:\/\/krawallonkel.net\/index.php\/wp-json\/wp\/v2\/product_tag?post=323"}],"curies":[{"name":"wp","href":"https:\/\/api.w.org\/{rel}","templated":true}]}}