{"id":326,"date":"2025-08-07T14:38:43","date_gmt":"2025-08-07T12:38:43","guid":{"rendered":"http:\/\/152.53.85.102\/?post_type=product&#038;p=326"},"modified":"2025-08-07T14:38:43","modified_gmt":"2025-08-07T12:38:43","slug":"politsche-gedanken","status":"publish","type":"product","link":"https:\/\/krawallonkel.net\/index.php\/produkt\/politsche-gedanken\/","title":{"rendered":"Politsche Gedanken"},"content":{"rendered":"<ol>\n<li data-start=\"259\" data-end=\"290\">\n<p data-start=\"262\" data-end=\"290\">Ich hoffe f\u00fcr meine Kinder<\/p>\n<\/li>\n<li data-start=\"291\" data-end=\"337\">\n<p data-start=\"294\" data-end=\"337\">Alle Staatsgewalt geht vom Volke aus (V2)<\/p>\n<\/li>\n<li data-start=\"338\" data-end=\"394\">\n<p data-start=\"341\" data-end=\"394\">Alle Staatsgewalt geht vom Volke aus (Rock-Version)<\/p>\n<\/li>\n<li data-start=\"395\" data-end=\"419\">\n<p data-start=\"398\" data-end=\"419\">Artikel 20 Absatz 4<\/p>\n<\/li>\n<li data-start=\"420\" data-end=\"450\">\n<p data-start=\"423\" data-end=\"450\">Deutschland den Deutschen<\/p>\n<\/li>\n<li data-start=\"451\" data-end=\"477\">\n<p data-start=\"454\" data-end=\"477\">Die Gr\u00fcnen m\u00fcssen weg<\/p>\n<\/li>\n<li data-start=\"478\" data-end=\"500\">\n<p data-start=\"481\" data-end=\"500\">Geld f\u00fcr die Welt<\/p>\n<\/li>\n<li data-start=\"501\" data-end=\"518\">\n<p data-start=\"504\" data-end=\"518\">Gott Odin V3<\/p>\n<\/li>\n<li data-start=\"519\" data-end=\"561\">\n<p data-start=\"522\" data-end=\"561\">Ich bin ein kleiner Faschist (Satire)<\/p>\n<\/li>\n<li data-start=\"562\" data-end=\"595\">\n<p data-start=\"566\" data-end=\"595\">Mein Freund ist ein Talahon<\/p>\n<\/li>\n<li data-start=\"596\" data-end=\"615\">\n<p data-start=\"600\" data-end=\"615\">Mir reicht es<\/p>\n<\/li>\n<li data-start=\"616\" data-end=\"640\">\n<p data-start=\"620\" data-end=\"640\">Ohhh du b\u00f6ser Mann<\/p>\n<\/li>\n<li data-start=\"641\" data-end=\"689\">\n<p data-start=\"645\" data-end=\"689\">P\u00e4dophile haben ihr Menschenrecht verwirkt<\/p>\n<\/li>\n<li data-start=\"690\" data-end=\"702\">\n<p data-start=\"694\" data-end=\"702\">Scholz<\/p>\n<\/li>\n<li data-start=\"703\" data-end=\"753\">\n<p data-start=\"707\" data-end=\"753\">Was ist nur aus diesem sch\u00f6nen Land geworden<\/p>\n<\/li>\n<li data-start=\"754\" data-end=\"790\">\n<p data-start=\"758\" data-end=\"790\">Wo ist hier Frau Nancy Faeser?<\/p>\n<\/li>\n<li data-start=\"791\" data-end=\"815\">\n<p data-start=\"795\" data-end=\"815\">Unser Gott Odin V2<\/p>\n<\/li>\n<li data-start=\"816\" data-end=\"860\">\n<p data-start=\"820\" data-end=\"860\">Seid nicht blind bei den n\u00e4chsten Wahlen<\/p>\n<\/li>\n<\/ol>\n","protected":false},"excerpt":{"rendered":"<p data-start=\"47\" data-end=\"231\">Dieses Album ist keine leichte Kost. Es ist ein Vorschlaghammer \u2013 direkt ins Zentrum der politischen Heuchelei.<br data-start=\"158\" data-end=\"161\" \/>Unzensiert, unbequem, un\u00fcberh\u00f6rbar. Wer wegh\u00f6rt, hat was zu verbergen.<\/p>\n","protected":false},"featured_media":327,"comment_status":"open","ping_status":"closed","template":"","meta":[],"product_brand":[],"product_cat":[19],"product_tag":[],"class_list":{"0":"post-326","1":"product","2":"type-product","3":"status-publish","4":"has-post-thumbnail","6":"product_cat-alben","8":"first","9":"instock","10":"downloadable","11":"virtual","12":"purchasable","13":"product-type-simple"},"_links":{"self":[{"href":"https:\/\/krawallonkel.net\/index.php\/wp-json\/wp\/v2\/product\/326","targetHints":{"allow":["GET"]}}],"collection":[{"href":"https:\/\/krawallonkel.net\/index.php\/wp-json\/wp\/v2\/product"}],"about":[{"href":"https:\/\/krawallonkel.net\/index.php\/wp-json\/wp\/v2\/types\/product"}],"replies":[{"embeddable":true,"href":"https:\/\/krawallonkel.net\/index.php\/wp-json\/wp\/v2\/comments?post=326"}],"wp:featuredmedia":[{"embeddable":true,"href":"https:\/\/krawallonkel.net\/index.php\/wp-json\/wp\/v2\/media\/327"}],"wp:attachment":[{"href":"https:\/\/krawallonkel.net\/index.php\/wp-json\/wp\/v2\/media?parent=326"}],"wp:term":[{"taxonomy":"product_brand","embeddable":true,"href":"https:\/\/krawallonkel.net\/index.php\/wp-json\/wp\/v2\/product_brand?post=326"},{"taxonomy":"product_cat","embeddable":true,"href":"https:\/\/krawallonkel.net\/index.php\/wp-json\/wp\/v2\/product_cat?post=326"},{"taxonomy":"product_tag","embeddable":true,"href":"https:\/\/krawallonkel.net\/index.php\/wp-json\/wp\/v2\/product_tag?post=326"}],"curies":[{"name":"wp","href":"https:\/\/api.w.org\/{rel}","templated":true}]}}