{"id":350,"date":"2025-08-07T15:07:09","date_gmt":"2025-08-07T13:07:09","guid":{"rendered":"http:\/\/152.53.85.102\/?post_type=product&#038;p=350"},"modified":"2025-08-07T15:07:09","modified_gmt":"2025-08-07T13:07:09","slug":"saufen","status":"publish","type":"product","link":"https:\/\/krawallonkel.net\/index.php\/produkt\/saufen\/","title":{"rendered":"Saufen"},"content":{"rendered":"<ol>\n<li data-start=\"453\" data-end=\"476\">\n<p data-start=\"456\" data-end=\"476\">In Bier geht noch!<\/p>\n<\/li>\n<li data-start=\"477\" data-end=\"504\">\n<p data-start=\"480\" data-end=\"504\">Deine Mudda s\u00e4uft Korn<\/p>\n<\/li>\n<li data-start=\"505\" data-end=\"525\">\n<p data-start=\"508\" data-end=\"525\">Kater inklusive<\/p>\n<\/li>\n<li data-start=\"526\" data-end=\"541\">\n<p data-start=\"529\" data-end=\"541\">Nachtleben<\/p>\n<\/li>\n<li data-start=\"542\" data-end=\"558\">\n<p data-start=\"545\" data-end=\"558\">Schnapsidee<\/p>\n<\/li>\n<li data-start=\"559\" data-end=\"592\">\n<p data-start=\"562\" data-end=\"592\">Alles egal, Hauptsache laut!<\/p>\n<\/li>\n<\/ol>\n","protected":false},"excerpt":{"rendered":"<p>Hier wird nicht philosophiert \u2013 hier wird gesoffen! Dieses Album ist ein rotziger Kneipenabriss, irgendwo zwischen Vollrausch, peinlichen Gest\u00e4ndnissen und der n\u00e4chsten Schnapsidee. F\u00fcr alle, die lieber gr\u00f6len als reden.<\/p>\n","protected":false},"featured_media":351,"comment_status":"open","ping_status":"closed","template":"","meta":[],"product_brand":[],"product_cat":[16],"product_tag":[],"class_list":{"0":"post-350","1":"product","2":"type-product","3":"status-publish","4":"has-post-thumbnail","6":"product_cat-ep","8":"first","9":"instock","10":"downloadable","11":"virtual","12":"purchasable","13":"product-type-simple"},"_links":{"self":[{"href":"https:\/\/krawallonkel.net\/index.php\/wp-json\/wp\/v2\/product\/350","targetHints":{"allow":["GET"]}}],"collection":[{"href":"https:\/\/krawallonkel.net\/index.php\/wp-json\/wp\/v2\/product"}],"about":[{"href":"https:\/\/krawallonkel.net\/index.php\/wp-json\/wp\/v2\/types\/product"}],"replies":[{"embeddable":true,"href":"https:\/\/krawallonkel.net\/index.php\/wp-json\/wp\/v2\/comments?post=350"}],"wp:featuredmedia":[{"embeddable":true,"href":"https:\/\/krawallonkel.net\/index.php\/wp-json\/wp\/v2\/media\/351"}],"wp:attachment":[{"href":"https:\/\/krawallonkel.net\/index.php\/wp-json\/wp\/v2\/media?parent=350"}],"wp:term":[{"taxonomy":"product_brand","embeddable":true,"href":"https:\/\/krawallonkel.net\/index.php\/wp-json\/wp\/v2\/product_brand?post=350"},{"taxonomy":"product_cat","embeddable":true,"href":"https:\/\/krawallonkel.net\/index.php\/wp-json\/wp\/v2\/product_cat?post=350"},{"taxonomy":"product_tag","embeddable":true,"href":"https:\/\/krawallonkel.net\/index.php\/wp-json\/wp\/v2\/product_tag?post=350"}],"curies":[{"name":"wp","href":"https:\/\/api.w.org\/{rel}","templated":true}]}}