{"id":377,"date":"2025-08-07T17:31:19","date_gmt":"2025-08-07T15:31:19","guid":{"rendered":"http:\/\/152.53.85.102\/?post_type=product&#038;p=377"},"modified":"2025-08-07T17:31:19","modified_gmt":"2025-08-07T15:31:19","slug":"systemversagen","status":"publish","type":"product","link":"https:\/\/krawallonkel.net\/index.php\/produkt\/systemversagen\/","title":{"rendered":"Systemversagen"},"content":{"rendered":"<ol>\n<li data-start=\"396\" data-end=\"419\">\n<p data-start=\"399\" data-end=\"419\"><strong data-start=\"399\" data-end=\"417\">Alles im Arsch<\/strong><\/p>\n<\/li>\n<li data-start=\"420\" data-end=\"458\">\n<p data-start=\"423\" data-end=\"458\"><strong data-start=\"423\" data-end=\"456\">Die Flamme von Achtundvierzig<\/strong><\/p>\n<\/li>\n<li data-start=\"459\" data-end=\"485\">\n<p data-start=\"462\" data-end=\"485\"><strong data-start=\"462\" data-end=\"483\">Es war nicht real<\/strong><\/p>\n<\/li>\n<li data-start=\"486\" data-end=\"515\">\n<p data-start=\"489\" data-end=\"515\"><strong data-start=\"489\" data-end=\"513\">Eure Wahrheit stinkt<\/strong><\/p>\n<\/li>\n<li data-start=\"516\" data-end=\"545\">\n<p data-start=\"519\" data-end=\"545\"><strong data-start=\"519\" data-end=\"543\">Frei bis zur Pflicht<\/strong><\/p>\n<\/li>\n<li data-start=\"546\" data-end=\"563\">\n<p data-start=\"549\" data-end=\"563\"><strong data-start=\"549\" data-end=\"561\">Ha Ho He<\/strong><\/p>\n<\/li>\n<li data-start=\"564\" data-end=\"592\">\n<p data-start=\"567\" data-end=\"592\"><strong data-start=\"567\" data-end=\"590\">Im Namen des Volkes<\/strong><\/p>\n<\/li>\n<li data-start=\"593\" data-end=\"613\">\n<p data-start=\"596\" data-end=\"613\"><strong data-start=\"596\" data-end=\"613\">Was zum Geier<\/strong><\/p>\n<\/li>\n<\/ol>\n","protected":false},"excerpt":{"rendered":"<p>Wenn L\u00fcgen zur Wahrheit werden, bricht irgendwann alles zusammen. Dieses Album ist ein Abgesang auf Propaganda, Selbstgerechtigkeit und den moralischen Bankrott einer Gesellschaft, die sich selbst bel\u00fcgt. Unverbl\u00fcmt, unvers\u00f6hnlich \u2013 Systemversagen eben.<\/p>\n","protected":false},"featured_media":378,"comment_status":"open","ping_status":"closed","template":"","meta":[],"product_brand":[],"product_cat":[19],"product_tag":[],"class_list":{"0":"post-377","1":"product","2":"type-product","3":"status-publish","4":"has-post-thumbnail","6":"product_cat-alben","8":"first","9":"instock","10":"downloadable","11":"virtual","12":"purchasable","13":"product-type-simple"},"_links":{"self":[{"href":"https:\/\/krawallonkel.net\/index.php\/wp-json\/wp\/v2\/product\/377","targetHints":{"allow":["GET"]}}],"collection":[{"href":"https:\/\/krawallonkel.net\/index.php\/wp-json\/wp\/v2\/product"}],"about":[{"href":"https:\/\/krawallonkel.net\/index.php\/wp-json\/wp\/v2\/types\/product"}],"replies":[{"embeddable":true,"href":"https:\/\/krawallonkel.net\/index.php\/wp-json\/wp\/v2\/comments?post=377"}],"wp:featuredmedia":[{"embeddable":true,"href":"https:\/\/krawallonkel.net\/index.php\/wp-json\/wp\/v2\/media\/378"}],"wp:attachment":[{"href":"https:\/\/krawallonkel.net\/index.php\/wp-json\/wp\/v2\/media?parent=377"}],"wp:term":[{"taxonomy":"product_brand","embeddable":true,"href":"https:\/\/krawallonkel.net\/index.php\/wp-json\/wp\/v2\/product_brand?post=377"},{"taxonomy":"product_cat","embeddable":true,"href":"https:\/\/krawallonkel.net\/index.php\/wp-json\/wp\/v2\/product_cat?post=377"},{"taxonomy":"product_tag","embeddable":true,"href":"https:\/\/krawallonkel.net\/index.php\/wp-json\/wp\/v2\/product_tag?post=377"}],"curies":[{"name":"wp","href":"https:\/\/api.w.org\/{rel}","templated":true}]}}