{"id":386,"date":"2025-08-07T17:42:58","date_gmt":"2025-08-07T15:42:58","guid":{"rendered":"http:\/\/152.53.85.102\/?post_type=product&#038;p=386"},"modified":"2025-08-07T17:42:58","modified_gmt":"2025-08-07T15:42:58","slug":"wann-ist-es-genug","status":"publish","type":"product","link":"https:\/\/krawallonkel.net\/index.php\/produkt\/wann-ist-es-genug\/","title":{"rendered":"wann ist es genug"},"content":{"rendered":"<ol>\n<li data-start=\"303\" data-end=\"342\">\n<p data-start=\"306\" data-end=\"342\"><strong data-start=\"306\" data-end=\"340\">Darum liebe Leute sag ich euch<\/strong><\/p>\n<\/li>\n<li data-start=\"343\" data-end=\"400\">\n<p data-start=\"346\" data-end=\"400\"><strong data-start=\"346\" data-end=\"398\">Ich vermisse das Trinken und Reden mit den Jungs<\/strong><\/p>\n<\/li>\n<li data-start=\"401\" data-end=\"432\">\n<p data-start=\"404\" data-end=\"432\"><strong data-start=\"404\" data-end=\"430\">Die Staatsanwaltschaft<\/strong><\/p>\n<\/li>\n<li data-start=\"433\" data-end=\"483\">\n<p data-start=\"436\" data-end=\"483\"><strong data-start=\"436\" data-end=\"481\">Ich kann und will es nicht mehr hinnehmen<\/strong><\/p>\n<\/li>\n<li data-start=\"484\" data-end=\"525\">\n<p data-start=\"487\" data-end=\"525\"><strong data-start=\"487\" data-end=\"523\">Wir alle waren nur \u201eEinzelf\u00e4lle\u201c<\/strong><\/p>\n<\/li>\n<li data-start=\"526\" data-end=\"567\">\n<p data-start=\"529\" data-end=\"567\"><strong data-start=\"529\" data-end=\"565\">Ohhh wir sind dick dick und dumm<\/strong><\/p>\n<\/li>\n<li data-start=\"568\" data-end=\"622\">\n<p data-start=\"571\" data-end=\"622\"><strong data-start=\"571\" data-end=\"620\">Scholz erkennt seine eigene Landesfahne nicht<\/strong><\/p>\n<\/li>\n<li data-start=\"623\" data-end=\"670\">\n<p data-start=\"626\" data-end=\"670\"><strong data-start=\"626\" data-end=\"668\">Da werden schnell Bekannte zu Freunden<\/strong><\/p>\n<\/li>\n<li data-start=\"671\" data-end=\"687\">\n<p data-start=\"674\" data-end=\"687\"><strong data-start=\"674\" data-end=\"685\">\u00d6zdemir<\/strong><\/p>\n<\/li>\n<li data-start=\"688\" data-end=\"718\">\n<p data-start=\"692\" data-end=\"718\"><strong data-start=\"692\" data-end=\"716\">Frei bis zur Pflicht<\/strong><\/p>\n<\/li>\n<li data-start=\"719\" data-end=\"764\">\n<p data-start=\"723\" data-end=\"764\"><strong data-start=\"723\" data-end=\"762\">Mein Herz es schreit und weint (v3)<\/strong><\/p>\n<\/li>\n<li data-start=\"765\" data-end=\"812\">\n<p data-start=\"769\" data-end=\"812\"><strong data-start=\"769\" data-end=\"810\">Och schau an, ich bin ein schei\u00df Nazi<\/strong><\/p>\n<\/li>\n<li data-start=\"813\" data-end=\"862\">\n<p data-start=\"817\" data-end=\"862\"><strong data-start=\"817\" data-end=\"860\">Und aus diesen Gr\u00fcnden bin ich ein Nazi<\/strong><\/p>\n<\/li>\n<li data-start=\"863\" data-end=\"906\">\n<p data-start=\"867\" data-end=\"906\"><strong data-start=\"867\" data-end=\"904\">Wer verbietet, der hat Angst (v4)<\/strong><\/p>\n<\/li>\n<li data-start=\"907\" data-end=\"947\">\n<p data-start=\"911\" data-end=\"947\"><strong data-start=\"911\" data-end=\"947\">Wie schaut es dann mit Treue aus<\/strong><\/p>\n<\/li>\n<\/ol>\n","protected":false},"excerpt":{"rendered":"<p>Dieses Album schie\u00dft scharf \u2013 gegen Heuchelei, gegen Gleichschaltung, gegen das st\u00e4ndige Wegsehen. Pers\u00f6nlich, politisch, provokant. Eine musikalische Klatsche f\u00fcr alle, die den Wahnsinn noch verteidigen wollen.<\/p>\n","protected":false},"featured_media":387,"comment_status":"open","ping_status":"closed","template":"","meta":[],"product_brand":[],"product_cat":[19],"product_tag":[],"class_list":{"0":"post-386","1":"product","2":"type-product","3":"status-publish","4":"has-post-thumbnail","6":"product_cat-alben","8":"first","9":"instock","10":"downloadable","11":"virtual","12":"purchasable","13":"product-type-simple"},"_links":{"self":[{"href":"https:\/\/krawallonkel.net\/index.php\/wp-json\/wp\/v2\/product\/386","targetHints":{"allow":["GET"]}}],"collection":[{"href":"https:\/\/krawallonkel.net\/index.php\/wp-json\/wp\/v2\/product"}],"about":[{"href":"https:\/\/krawallonkel.net\/index.php\/wp-json\/wp\/v2\/types\/product"}],"replies":[{"embeddable":true,"href":"https:\/\/krawallonkel.net\/index.php\/wp-json\/wp\/v2\/comments?post=386"}],"wp:featuredmedia":[{"embeddable":true,"href":"https:\/\/krawallonkel.net\/index.php\/wp-json\/wp\/v2\/media\/387"}],"wp:attachment":[{"href":"https:\/\/krawallonkel.net\/index.php\/wp-json\/wp\/v2\/media?parent=386"}],"wp:term":[{"taxonomy":"product_brand","embeddable":true,"href":"https:\/\/krawallonkel.net\/index.php\/wp-json\/wp\/v2\/product_brand?post=386"},{"taxonomy":"product_cat","embeddable":true,"href":"https:\/\/krawallonkel.net\/index.php\/wp-json\/wp\/v2\/product_cat?post=386"},{"taxonomy":"product_tag","embeddable":true,"href":"https:\/\/krawallonkel.net\/index.php\/wp-json\/wp\/v2\/product_tag?post=386"}],"curies":[{"name":"wp","href":"https:\/\/api.w.org\/{rel}","templated":true}]}}