{"id":413,"date":"2025-08-07T18:18:25","date_gmt":"2025-08-07T16:18:25","guid":{"rendered":"http:\/\/152.53.85.102\/?post_type=product&#038;p=413"},"modified":"2025-08-07T18:18:25","modified_gmt":"2025-08-07T16:18:25","slug":"wutbunker","status":"publish","type":"product","link":"https:\/\/krawallonkel.net\/index.php\/produkt\/wutbunker\/","title":{"rendered":"Wutbunker"},"content":{"rendered":"<ol>\n<li data-start=\"269\" data-end=\"295\">\n<p data-start=\"272\" data-end=\"295\">Angst frisst Freiheit<\/p>\n<\/li>\n<li data-start=\"296\" data-end=\"316\">\n<p data-start=\"299\" data-end=\"316\">B\u00fcrgersteigblut<\/p>\n<\/li>\n<li data-start=\"317\" data-end=\"340\">\n<p data-start=\"320\" data-end=\"340\">Color Code Control<\/p>\n<\/li>\n<li data-start=\"341\" data-end=\"362\">\n<p data-start=\"344\" data-end=\"362\">Feindbild Mensch<\/p>\n<\/li>\n<li data-start=\"363\" data-end=\"378\">\n<p data-start=\"366\" data-end=\"378\">Freispruch<\/p>\n<\/li>\n<li data-start=\"379\" data-end=\"404\">\n<p data-start=\"382\" data-end=\"404\">Glasbruch im Rathaus<\/p>\n<\/li>\n<li data-start=\"405\" data-end=\"435\">\n<p data-start=\"408\" data-end=\"435\">Ich bin nicht euer Schild<\/p>\n<\/li>\n<li data-start=\"436\" data-end=\"455\">\n<p data-start=\"439\" data-end=\"455\">Nur ein Schrei<\/p>\n<\/li>\n<li data-start=\"456\" data-end=\"473\">\n<p data-start=\"459\" data-end=\"473\">Scannerblick<\/p>\n<\/li>\n<li data-start=\"474\" data-end=\"505\">\n<p data-start=\"478\" data-end=\"505\">Vater Staat, du Hurensohn<\/p>\n<\/li>\n<li data-start=\"506\" data-end=\"520\">\n<p data-start=\"510\" data-end=\"520\">Zonen\u00adkind<\/p>\n<\/li>\n<\/ol>\n","protected":false},"excerpt":{"rendered":"<p>Ein musikalischer Befreiungsschlag gegen Kontrolle, Unterdr\u00fcckung und ideologische Zwangsjacken. D\u00fcster, w\u00fctend, ehrlich \u2013 ein Bunker aus Klang.<\/p>\n","protected":false},"featured_media":414,"comment_status":"open","ping_status":"closed","template":"","meta":[],"product_brand":[],"product_cat":[19],"product_tag":[],"class_list":{"0":"post-413","1":"product","2":"type-product","3":"status-publish","4":"has-post-thumbnail","6":"product_cat-alben","8":"first","9":"instock","10":"downloadable","11":"virtual","12":"purchasable","13":"product-type-simple"},"_links":{"self":[{"href":"https:\/\/krawallonkel.net\/index.php\/wp-json\/wp\/v2\/product\/413","targetHints":{"allow":["GET"]}}],"collection":[{"href":"https:\/\/krawallonkel.net\/index.php\/wp-json\/wp\/v2\/product"}],"about":[{"href":"https:\/\/krawallonkel.net\/index.php\/wp-json\/wp\/v2\/types\/product"}],"replies":[{"embeddable":true,"href":"https:\/\/krawallonkel.net\/index.php\/wp-json\/wp\/v2\/comments?post=413"}],"wp:featuredmedia":[{"embeddable":true,"href":"https:\/\/krawallonkel.net\/index.php\/wp-json\/wp\/v2\/media\/414"}],"wp:attachment":[{"href":"https:\/\/krawallonkel.net\/index.php\/wp-json\/wp\/v2\/media?parent=413"}],"wp:term":[{"taxonomy":"product_brand","embeddable":true,"href":"https:\/\/krawallonkel.net\/index.php\/wp-json\/wp\/v2\/product_brand?post=413"},{"taxonomy":"product_cat","embeddable":true,"href":"https:\/\/krawallonkel.net\/index.php\/wp-json\/wp\/v2\/product_cat?post=413"},{"taxonomy":"product_tag","embeddable":true,"href":"https:\/\/krawallonkel.net\/index.php\/wp-json\/wp\/v2\/product_tag?post=413"}],"curies":[{"name":"wp","href":"https:\/\/api.w.org\/{rel}","templated":true}]}}