{"id":455,"date":"2026-03-23T08:21:41","date_gmt":"2026-03-23T07:21:41","guid":{"rendered":"https:\/\/krawallonkel.net\/?post_type=product&#038;p=455"},"modified":"2026-03-23T08:21:41","modified_gmt":"2026-03-23T07:21:41","slug":"adler-shirt","status":"publish","type":"product","link":"https:\/\/krawallonkel.net\/index.php\/produkt\/adler-shirt\/","title":{"rendered":"Adler Shirt"},"content":{"rendered":"<p>Hart. Direkt. Ohne Kompromisse.<\/p>\n<p>Dieses KrawallOnkel Shirt steht f\u00fcr Haltung, Ecken und Kanten.<\/p>\n<p>Der markante Adler im Used-Look trifft auf einen klaren Deutschrock-Style \u2013 roh, ehrlich und unbequem f\u00fcr alle, die damit ein Problem haben.<\/p>\n<p>Ob Stra\u00dfe, B\u00fchne oder Alltag \u2013 dieses Shirt passt zu denen, die ihren eigenen Weg gehen.<\/p>\n<p>\u2714 Hochwertiger Druck<\/p>\n<p>\u2714 Robuster Stoff<\/p>\n<p>\u2714 Perfekt f\u00fcr Rock, Streetwear &amp; Alltag<\/p>\n<p>KrawallOnkel \u2013 nicht f\u00fcr jeden. Genau deshalb f\u00fcr dich.<\/p>\n","protected":false},"excerpt":{"rendered":"<p>Hart. Direkt. Ohne Kompromisse. Dieses KrawallOnkel Shirt steht f\u00fcr Haltung, Ecken und Kanten. Der markante Adler im Used-Look trifft auf einen klaren Deutschrock-Style \u2013 roh, ehrlich und unbequem f\u00fcr alle, die damit ein Problem haben. Ob Stra\u00dfe, B\u00fchne oder Alltag \u2013 dieses Shirt passt zu denen, die ihren eigenen Weg gehen. \u2714 Hochwertiger Druck \u2714 [&hellip;]<\/p>\n","protected":false},"featured_media":456,"comment_status":"open","ping_status":"closed","template":"","meta":[],"product_brand":[],"product_cat":[23],"product_tag":[],"class_list":{"0":"post-455","1":"product","2":"type-product","3":"status-publish","4":"has-post-thumbnail","6":"product_cat-t-shirt","8":"first","9":"instock","10":"shipping-taxable","11":"product-type-external"},"_links":{"self":[{"href":"https:\/\/krawallonkel.net\/index.php\/wp-json\/wp\/v2\/product\/455","targetHints":{"allow":["GET"]}}],"collection":[{"href":"https:\/\/krawallonkel.net\/index.php\/wp-json\/wp\/v2\/product"}],"about":[{"href":"https:\/\/krawallonkel.net\/index.php\/wp-json\/wp\/v2\/types\/product"}],"replies":[{"embeddable":true,"href":"https:\/\/krawallonkel.net\/index.php\/wp-json\/wp\/v2\/comments?post=455"}],"wp:featuredmedia":[{"embeddable":true,"href":"https:\/\/krawallonkel.net\/index.php\/wp-json\/wp\/v2\/media\/456"}],"wp:attachment":[{"href":"https:\/\/krawallonkel.net\/index.php\/wp-json\/wp\/v2\/media?parent=455"}],"wp:term":[{"taxonomy":"product_brand","embeddable":true,"href":"https:\/\/krawallonkel.net\/index.php\/wp-json\/wp\/v2\/product_brand?post=455"},{"taxonomy":"product_cat","embeddable":true,"href":"https:\/\/krawallonkel.net\/index.php\/wp-json\/wp\/v2\/product_cat?post=455"},{"taxonomy":"product_tag","embeddable":true,"href":"https:\/\/krawallonkel.net\/index.php\/wp-json\/wp\/v2\/product_tag?post=455"}],"curies":[{"name":"wp","href":"https:\/\/api.w.org\/{rel}","templated":true}]}}