{"id":86,"date":"2025-08-06T17:11:33","date_gmt":"2025-08-06T15:11:33","guid":{"rendered":"http:\/\/152.53.85.102\/?post_type=product&#038;p=86"},"modified":"2025-08-06T17:11:33","modified_gmt":"2025-08-06T15:11:33","slug":"ampel-muss-weg","status":"publish","type":"product","link":"https:\/\/krawallonkel.net\/index.php\/produkt\/ampel-muss-weg\/","title":{"rendered":"Ampel muss weg"},"content":{"rendered":"<ol>\n<li data-start=\"565\" data-end=\"596\">\n<p data-start=\"568\" data-end=\"596\">Alice Weidel besch\u00fctze uns<\/p>\n<\/li>\n<li data-start=\"597\" data-end=\"649\">\n<p data-start=\"600\" data-end=\"649\">Alice Weidel meine Kanzlerin \u2013 wir brauchen Sie<\/p>\n<\/li>\n<li data-start=\"650\" data-end=\"686\">\n<p data-start=\"653\" data-end=\"686\">Alle kriminellen Ausl\u00e4nder raus<\/p>\n<\/li>\n<li data-start=\"687\" data-end=\"701\">\n<p data-start=\"690\" data-end=\"701\">Artikel 5<\/p>\n<\/li>\n<li data-start=\"702\" data-end=\"741\">\n<p data-start=\"705\" data-end=\"741\">BRD = Bananen Republik Deutschland<\/p>\n<\/li>\n<li data-start=\"742\" data-end=\"773\">\n<p data-start=\"745\" data-end=\"773\">Das ist die letzte Warnung<\/p>\n<\/li>\n<li data-start=\"774\" data-end=\"805\">\n<p data-start=\"777\" data-end=\"805\">Deutschland, du armes Land<\/p>\n<\/li>\n<li data-start=\"806\" data-end=\"839\">\n<p data-start=\"809\" data-end=\"839\">Deutschland, einig Vaterland<\/p>\n<\/li>\n<li data-start=\"840\" data-end=\"888\">\n<p data-start=\"843\" data-end=\"888\">Gr\u00fcne SPD \u2013 eigentlich alle Altparteien weg<\/p>\n<\/li>\n<li data-start=\"889\" data-end=\"929\">\n<p data-start=\"893\" data-end=\"929\">Gr\u00fcnen-Spitze k\u00fcndigt R\u00fccktritt an<\/p>\n<\/li>\n<li data-start=\"930\" data-end=\"994\">\n<p data-start=\"934\" data-end=\"994\">Ich sag es immer und immer wieder: Seid schlau, w\u00e4hlt blau<\/p>\n<\/li>\n<li data-start=\"995\" data-end=\"1035\">\n<p data-start=\"999\" data-end=\"1035\">Ich sag nein zu diesem gr\u00fcnen Zeug<\/p>\n<\/li>\n<li data-start=\"1036\" data-end=\"1079\">\n<p data-start=\"1040\" data-end=\"1079\">Ich w\u00fcnsche mir diese Zeit wieder her<\/p>\n<\/li>\n<li data-start=\"1080\" data-end=\"1104\">\n<p data-start=\"1084\" data-end=\"1104\">Ihr werdet brennen<\/p>\n<\/li>\n<li data-start=\"1105\" data-end=\"1142\">\n<p data-start=\"1109\" data-end=\"1142\">La\u00df dir keine M\u00fche zu viel sein<\/p>\n<\/li>\n<li data-start=\"1143\" data-end=\"1187\">\n<p data-start=\"1147\" data-end=\"1187\">Mit der Revolution von achtzehnhundert<\/p>\n<\/li>\n<li data-start=\"1188\" data-end=\"1218\">\n<p data-start=\"1192\" data-end=\"1218\">Ohhh leckt mich am Arsch<\/p>\n<\/li>\n<li data-start=\"1219\" data-end=\"1249\">\n<p data-start=\"1223\" data-end=\"1249\">Seit schlau \u2013 w\u00e4hlt blau<\/p>\n<\/li>\n<li data-start=\"1250\" data-end=\"1276\">\n<p data-start=\"1254\" data-end=\"1276\">Wahlbetrug ganz gro\u00df<\/p>\n<\/li>\n<\/ol>\n","protected":false},"excerpt":{"rendered":"<p>Dieses Album ist nichts f\u00fcr zarte Gem\u00fcter \u2013 hier gibt\u2019s knallharten, ungefilterten Deutschrock mit einer klaren Botschaft. Jeder Song ist ein Schlag ins Gesicht der politischen Heuchelei und ein Aufschrei gegen ein System, das immer mehr den Bezug zu seinen B\u00fcrgern verliert.<br data-start=\"421\" data-end=\"424\" \/>Provokant, kompromisslos und mit voller Energie \u2013 eine musikalische Kampfansage an alle, die den Mund halten wollen.<\/p>\n","protected":false},"featured_media":87,"comment_status":"open","ping_status":"closed","template":"","meta":[],"product_brand":[],"product_cat":[19],"product_tag":[],"class_list":{"0":"post-86","1":"product","2":"type-product","3":"status-publish","4":"has-post-thumbnail","6":"product_cat-alben","8":"first","9":"instock","10":"downloadable","11":"virtual","12":"purchasable","13":"product-type-simple"},"_links":{"self":[{"href":"https:\/\/krawallonkel.net\/index.php\/wp-json\/wp\/v2\/product\/86","targetHints":{"allow":["GET"]}}],"collection":[{"href":"https:\/\/krawallonkel.net\/index.php\/wp-json\/wp\/v2\/product"}],"about":[{"href":"https:\/\/krawallonkel.net\/index.php\/wp-json\/wp\/v2\/types\/product"}],"replies":[{"embeddable":true,"href":"https:\/\/krawallonkel.net\/index.php\/wp-json\/wp\/v2\/comments?post=86"}],"wp:featuredmedia":[{"embeddable":true,"href":"https:\/\/krawallonkel.net\/index.php\/wp-json\/wp\/v2\/media\/87"}],"wp:attachment":[{"href":"https:\/\/krawallonkel.net\/index.php\/wp-json\/wp\/v2\/media?parent=86"}],"wp:term":[{"taxonomy":"product_brand","embeddable":true,"href":"https:\/\/krawallonkel.net\/index.php\/wp-json\/wp\/v2\/product_brand?post=86"},{"taxonomy":"product_cat","embeddable":true,"href":"https:\/\/krawallonkel.net\/index.php\/wp-json\/wp\/v2\/product_cat?post=86"},{"taxonomy":"product_tag","embeddable":true,"href":"https:\/\/krawallonkel.net\/index.php\/wp-json\/wp\/v2\/product_tag?post=86"}],"curies":[{"name":"wp","href":"https:\/\/api.w.org\/{rel}","templated":true}]}}